{"id":8,"date":"2023-08-04T08:14:45","date_gmt":"2023-08-04T08:14:45","guid":{"rendered":"https:\/\/web4.rkinformatika.net\/atelierdecosturamartavieira\/?page_id=8"},"modified":"2023-08-07T09:19:36","modified_gmt":"2023-08-07T09:19:36","slug":"servicios","status":"publish","type":"page","link":"https:\/\/atelierdecosturamartavieira.com\/eu\/servicios\/","title":{"rendered":"Zerbitzuak"},"content":{"rendered":"<div data-elementor-type=\"wp-page\" data-elementor-id=\"8\" class=\"elementor elementor-8\" data-elementor-post-type=\"page\">\n\t\t\t\t\t\t<section class=\"elementor-section elementor-top-section elementor-element elementor-element-4e46406a elementor-section-boxed elementor-section-height-default elementor-section-height-default\" data-id=\"4e46406a\" data-element_type=\"section\" data-e-type=\"section\" data-settings=\"{&quot;background_background&quot;:&quot;classic&quot;}\">\n\t\t\t\t\t\t\t<div class=\"elementor-background-overlay\"><\/div>\n\t\t\t\t\t\t\t<div class=\"elementor-container elementor-column-gap-default\">\n\t\t\t\t\t<div class=\"elementor-column elementor-col-100 elementor-top-column elementor-element elementor-element-2071375\" data-id=\"2071375\" data-element_type=\"column\" data-e-type=\"column\">\n\t\t\t<div class=\"elementor-widget-wrap\">\n\t\t\t\t\t\t\t<\/div>\n\t\t<\/div>\n\t\t\t\t\t<\/div>\n\t\t<\/section>\n\t\t\t\t<section class=\"elementor-section elementor-top-section elementor-element elementor-element-a94bed4 elementor-section-boxed elementor-section-height-default elementor-section-height-default\" data-id=\"a94bed4\" data-element_type=\"section\" data-e-type=\"section\" data-settings=\"{&quot;background_background&quot;:&quot;classic&quot;}\">\n\t\t\t\t\t\t<div class=\"elementor-container elementor-column-gap-no\">\n\t\t\t\t\t<div class=\"elementor-column elementor-col-100 elementor-top-column elementor-element elementor-element-1fe61ba4\" data-id=\"1fe61ba4\" data-element_type=\"column\" data-e-type=\"column\">\n\t\t\t<div class=\"elementor-widget-wrap elementor-element-populated\">\n\t\t\t\t\t\t<div class=\"elementor-element elementor-element-452ec731 elementor-widget elementor-widget-heading\" data-id=\"452ec731\" data-element_type=\"widget\" data-e-type=\"widget\" data-widget_type=\"heading.default\">\n\t\t\t\t<div class=\"elementor-widget-container\">\n\t\t\t\t\t<h2 class=\"elementor-heading-title elementor-size-default\">Gure zerbitzuak<\/h2>\t\t\t\t<\/div>\n\t\t\t\t<\/div>\n\t\t\t\t<section class=\"elementor-section elementor-inner-section elementor-element elementor-element-62e0e6eb elementor-section-boxed elementor-section-height-default elementor-section-height-default\" data-id=\"62e0e6eb\" data-element_type=\"section\" data-e-type=\"section\">\n\t\t\t\t\t\t<div class=\"elementor-container elementor-column-gap-wider\">\n\t\t\t\t\t<div class=\"elementor-column elementor-col-33 elementor-inner-column elementor-element elementor-element-f23e795\" data-id=\"f23e795\" data-element_type=\"column\" data-e-type=\"column\">\n\t\t\t<div class=\"elementor-widget-wrap elementor-element-populated\">\n\t\t\t\t\t\t<section class=\"elementor-section elementor-inner-section elementor-element elementor-element-13f41a37 elementor-section-boxed elementor-section-height-default elementor-section-height-default\" data-id=\"13f41a37\" data-element_type=\"section\" data-e-type=\"section\">\n\t\t\t\t\t\t<div class=\"elementor-container elementor-column-gap-no\">\n\t\t\t\t\t<div class=\"elementor-column elementor-col-100 elementor-inner-column elementor-element elementor-element-4f2d9e8\" data-id=\"4f2d9e8\" data-element_type=\"column\" data-e-type=\"column\">\n\t\t\t<div class=\"elementor-widget-wrap elementor-element-populated\">\n\t\t\t\t\t\t<div class=\"elementor-element elementor-element-3fff75df elementor-cta--skin-cover elementor-cta--valign-bottom elementor-animated-content elementor-bg-transform elementor-bg-transform-zoom-in elementor-widget elementor-widget-call-to-action\" data-id=\"3fff75df\" data-element_type=\"widget\" data-e-type=\"widget\" data-widget_type=\"call-to-action.default\">\n\t\t\t\t<div class=\"elementor-widget-container\">\n\t\t\t\t\t\t\t<div class=\"elementor-cta\">\n\t\t\t\t\t<div class=\"elementor-cta__bg-wrapper\">\n\t\t\t\t<div class=\"elementor-cta__bg elementor-bg\" style=\"background-image: url(https:\/\/atelierdecosturamartavieira.com\/wp-content\/uploads\/2023\/08\/professional-fashion-designer-working-T6C4NX5.jpg);\" role=\"img\" aria-label=\"professional-fashion-designer-working-T6C4NX5.jpg\"><\/div>\n\t\t\t\t<div class=\"elementor-cta__bg-overlay\"><\/div>\n\t\t\t<\/div>\n\t\t\t\t\t\t\t<div class=\"elementor-cta__content\">\n\t\t\t\t\n\t\t\t\t\t\t\t\t\t<h2 class=\"elementor-cta__title elementor-cta__content-item elementor-content-item elementor-animated-item--grow\">\n\t\t\t\t\t\tCONFECCI\u00d3N A MEDIDA\t\t\t\t\t<\/h2>\n\t\t\t\t\n\t\t\t\t\n\t\t\t\t\t\t\t<\/div>\n\t\t\t\t\t\t<\/div>\n\t\t\t\t\t\t<\/div>\n\t\t\t\t<\/div>\n\t\t\t\t\t<\/div>\n\t\t<\/div>\n\t\t\t\t\t<\/div>\n\t\t<\/section>\n\t\t\t\t<div class=\"elementor-element elementor-element-20724959 elementor-widget elementor-widget-text-editor\" data-id=\"20724959\" data-element_type=\"widget\" data-e-type=\"widget\" data-widget_type=\"text-editor.default\">\n\t\t\t\t<div class=\"elementor-widget-container\">\n\t\t\t\t\t\t\t\t\t<p>En nuestro establecimiento, nos enorgullece nuestra habilidad para proporcionar prendas de alta calidad hechas a medida que son cuidadosamente elaboradas siguiendo tus especificaciones y preferencias exactas. Creemos realmente que una prenda a medida y bien hecha es una inversi\u00f3n que durar\u00e1 muchos a\u00f1os. Nuestro habilidoso equipo de sastres expertos est\u00e1 a tu disposici\u00f3n para asegurarse de que cada pieza que creamos te quede a la perfecci\u00f3n, realzando tu estilo personal. Ofrecemos una amplia selecci\u00f3n de telas para elegir, incluyendo lujosa seda, suave algod\u00f3n y resistente lana, entre otras.<\/p>\t\t\t\t\t\t\t\t<\/div>\n\t\t\t\t<\/div>\n\t\t\t\t\t<\/div>\n\t\t<\/div>\n\t\t\t\t<div class=\"elementor-column elementor-col-33 elementor-inner-column elementor-element elementor-element-7c16aae2\" data-id=\"7c16aae2\" data-element_type=\"column\" data-e-type=\"column\">\n\t\t\t<div class=\"elementor-widget-wrap elementor-element-populated\">\n\t\t\t\t\t\t<section class=\"elementor-section elementor-inner-section elementor-element elementor-element-e98ef67 elementor-section-boxed elementor-section-height-default elementor-section-height-default\" data-id=\"e98ef67\" data-element_type=\"section\" data-e-type=\"section\">\n\t\t\t\t\t\t<div class=\"elementor-container elementor-column-gap-no\">\n\t\t\t\t\t<div class=\"elementor-column elementor-col-100 elementor-inner-column elementor-element elementor-element-1b2f5ff\" data-id=\"1b2f5ff\" data-element_type=\"column\" data-e-type=\"column\">\n\t\t\t<div class=\"elementor-widget-wrap elementor-element-populated\">\n\t\t\t\t\t\t<div class=\"elementor-element elementor-element-35bfb2bf elementor-cta--skin-cover elementor-cta--valign-bottom elementor-animated-content elementor-bg-transform elementor-bg-transform-zoom-in elementor-widget elementor-widget-call-to-action\" data-id=\"35bfb2bf\" data-element_type=\"widget\" data-e-type=\"widget\" data-widget_type=\"call-to-action.default\">\n\t\t\t\t<div class=\"elementor-widget-container\">\n\t\t\t\t\t\t\t<div class=\"elementor-cta\">\n\t\t\t\t\t<div class=\"elementor-cta__bg-wrapper\">\n\t\t\t\t<div class=\"elementor-cta__bg elementor-bg\" style=\"background-image: url(https:\/\/atelierdecosturamartavieira.com\/wp-content\/uploads\/2023\/08\/dressmaker-fashion-designer-and-tailor-concept-you-X5EER3S.jpg);\" role=\"img\" aria-label=\"dressmaker-fashion-designer-and-tailor-concept-you-X5EER3S.jpg\"><\/div>\n\t\t\t\t<div class=\"elementor-cta__bg-overlay\"><\/div>\n\t\t\t<\/div>\n\t\t\t\t\t\t\t<div class=\"elementor-cta__content\">\n\t\t\t\t\n\t\t\t\t\t\t\t\t\t<h3 class=\"elementor-cta__title elementor-cta__content-item elementor-content-item elementor-animated-item--grow\">\n\t\t\t\t\t\tTRANSFORMACI\u00d3N DE ROPA\t\t\t\t\t<\/h3>\n\t\t\t\t\n\t\t\t\t\n\t\t\t\t\t\t\t<\/div>\n\t\t\t\t\t\t<\/div>\n\t\t\t\t\t\t<\/div>\n\t\t\t\t<\/div>\n\t\t\t\t\t<\/div>\n\t\t<\/div>\n\t\t\t\t\t<\/div>\n\t\t<\/section>\n\t\t\t\t<div class=\"elementor-element elementor-element-256e4659 elementor-widget elementor-widget-text-editor\" data-id=\"256e4659\" data-element_type=\"widget\" data-e-type=\"widget\" data-widget_type=\"text-editor.default\">\n\t\t\t\t<div class=\"elementor-widget-container\">\n\t\t\t\t\t\t\t\t\t<p>Nuestra tienda ofrece un servicio de alteraci\u00f3n de ropa profesional para satisfacer las necesidades \u00fanicas de nuestros valiosos clientes. Nuestro equipo de sastres expertos trabajar\u00e1 contigo para asegurarse de que tus prendas te queden perfectamente y realcen tu estilo personal. Utilizamos solo materiales de alta calidad y t\u00e9cnicas est\u00e1ndar de la industria para ofrecer resultados excepcionales que cumplan con los m\u00e1s altos est\u00e1ndares de calidad y artesan\u00eda.<\/p>\t\t\t\t\t\t\t\t<\/div>\n\t\t\t\t<\/div>\n\t\t\t\t\t<\/div>\n\t\t<\/div>\n\t\t\t\t<div class=\"elementor-column elementor-col-33 elementor-inner-column elementor-element elementor-element-0419122\" data-id=\"0419122\" data-element_type=\"column\" data-e-type=\"column\">\n\t\t\t<div class=\"elementor-widget-wrap elementor-element-populated\">\n\t\t\t\t\t\t<div class=\"elementor-element elementor-element-3ff16f51 elementor-cta--skin-cover elementor-cta--valign-bottom elementor-animated-content elementor-bg-transform elementor-bg-transform-zoom-in elementor-widget elementor-widget-call-to-action\" data-id=\"3ff16f51\" data-element_type=\"widget\" data-e-type=\"widget\" data-widget_type=\"call-to-action.default\">\n\t\t\t\t<div class=\"elementor-widget-container\">\n\t\t\t\t\t\t\t<div class=\"elementor-cta\">\n\t\t\t\t\t<div class=\"elementor-cta__bg-wrapper\">\n\t\t\t\t<div class=\"elementor-cta__bg elementor-bg\" style=\"background-image: url(https:\/\/atelierdecosturamartavieira.com\/wp-content\/uploads\/2023\/08\/woman-seamstress-working-at-textile-factory-close-4SJZ9FQ.jpg);\" role=\"img\" aria-label=\"woman-seamstress-working-at-textile-factory-close-4SJZ9FQ.jpg\"><\/div>\n\t\t\t\t<div class=\"elementor-cta__bg-overlay\"><\/div>\n\t\t\t<\/div>\n\t\t\t\t\t\t\t<div class=\"elementor-cta__content\">\n\t\t\t\t\n\t\t\t\t\t\t\t\t\t<h2 class=\"elementor-cta__title elementor-cta__content-item elementor-content-item elementor-animated-item--grow\">\n\t\t\t\t\t\tARREGLOS DE ROPA\t\t\t\t\t<\/h2>\n\t\t\t\t\n\t\t\t\t\n\t\t\t\t\t\t\t<\/div>\n\t\t\t\t\t\t<\/div>\n\t\t\t\t\t\t<\/div>\n\t\t\t\t<\/div>\n\t\t\t\t<div class=\"elementor-element elementor-element-7b9a9771 elementor-widget elementor-widget-text-editor\" data-id=\"7b9a9771\" data-element_type=\"widget\" data-e-type=\"widget\" data-widget_type=\"text-editor.default\">\n\t\t\t\t<div class=\"elementor-widget-container\">\n\t\t\t\t\t\t\t\t\t<p>Nuestra tienda ofrece un servicio profesional de arreglos de ropa a nuestros valiosos clientes. Con nuestros sastres expertos, garantizamos que su ropa est\u00e9 confeccionada a la perfecci\u00f3n, con un excelente ajuste y acabado. Desde ajustar la longitud, estrechar chaquetas hasta cambiar botones o cremalleras, podemos solucionar cualquier problema relacionado con la ropa. Valoramos la satisfacci\u00f3n de nuestros clientes por encima de todo, por lo que entendemos la importancia de ofrecer un servicio de calidad.<\/p>\t\t\t\t\t\t\t\t<\/div>\n\t\t\t\t<\/div>\n\t\t\t\t\t<\/div>\n\t\t<\/div>\n\t\t\t\t\t<\/div>\n\t\t<\/section>\n\t\t\t\t\t<\/div>\n\t\t<\/div>\n\t\t\t\t\t<\/div>\n\t\t<\/section>\n\t\t\t\t<\/div>","protected":false},"excerpt":{"rendered":"<p>Nuestros servicios CONFECCI\u00d3N A MEDIDA En nuestro establecimiento, nos enorgullece nuestra habilidad para proporcionar prendas de alta calidad hechas a medida que son cuidadosamente elaboradas siguiendo tus especificaciones y preferencias exactas. Creemos realmente que una prenda a medida y bien hecha es una inversi\u00f3n que durar\u00e1 muchos a\u00f1os. Nuestro habilidoso equipo de sastres expertos est\u00e1 [&hellip;]<\/p>\n","protected":false},"author":1,"featured_media":412,"parent":0,"menu_order":0,"comment_status":"closed","ping_status":"closed","template":"elementor_canvas","meta":{"footnotes":""},"class_list":["post-8","page","type-page","status-publish","has-post-thumbnail","hentry"],"yoast_head":"<!-- This site is optimized with the Yoast SEO plugin v27.5 - https:\/\/yoast.com\/product\/yoast-seo-wordpress\/ -->\n<title>Servicios - atelierdecosturamartavieira<\/title>\n<meta name=\"robots\" content=\"index, follow, max-snippet:-1, max-image-preview:large, max-video-preview:-1\" \/>\n<link rel=\"canonical\" href=\"https:\/\/atelierdecosturamartavieira.com\/eu\/servicios\/\" \/>\n<meta property=\"og:locale\" content=\"en_US\" \/>\n<meta property=\"og:type\" content=\"article\" \/>\n<meta property=\"og:title\" content=\"Servicios - atelierdecosturamartavieira\" \/>\n<meta property=\"og:description\" content=\"Nuestros servicios CONFECCI\u00d3N A MEDIDA En nuestro establecimiento, nos enorgullece nuestra habilidad para proporcionar prendas de alta calidad hechas a medida que son cuidadosamente elaboradas siguiendo tus especificaciones y preferencias exactas. Creemos realmente que una prenda a medida y bien hecha es una inversi\u00f3n que durar\u00e1 muchos a\u00f1os. Nuestro habilidoso equipo de sastres expertos est\u00e1 [&hellip;]\" \/>\n<meta property=\"og:url\" content=\"https:\/\/atelierdecosturamartavieira.com\/eu\/servicios\/\" \/>\n<meta property=\"og:site_name\" content=\"atelierdecosturamartavieira\" \/>\n<meta property=\"article:modified_time\" content=\"2023-08-07T09:19:36+00:00\" \/>\n<meta property=\"og:image\" content=\"https:\/\/atelierdecosturamartavieira.com\/wp-content\/uploads\/2023\/08\/Sin-titulo-1_Mesa-de-trabajo-1.png\" \/>\n\t<meta property=\"og:image:width\" content=\"1920\" \/>\n\t<meta property=\"og:image:height\" content=\"925\" \/>\n\t<meta property=\"og:image:type\" content=\"image\/png\" \/>\n<meta name=\"twitter:card\" content=\"summary_large_image\" \/>\n<meta name=\"twitter:label1\" content=\"Est. reading time\" \/>\n\t<meta name=\"twitter:data1\" content=\"2 minutua\" \/>\n<script type=\"application\/ld+json\" class=\"yoast-schema-graph\">{\"@context\":\"https:\\\/\\\/schema.org\",\"@graph\":[{\"@type\":\"WebPage\",\"@id\":\"https:\\\/\\\/atelierdecosturamartavieira.com\\\/servicios\\\/\",\"url\":\"https:\\\/\\\/atelierdecosturamartavieira.com\\\/servicios\\\/\",\"name\":\"Servicios - atelierdecosturamartavieira\",\"isPartOf\":{\"@id\":\"https:\\\/\\\/atelierdecosturamartavieira.com\\\/#website\"},\"primaryImageOfPage\":{\"@id\":\"https:\\\/\\\/atelierdecosturamartavieira.com\\\/servicios\\\/#primaryimage\"},\"image\":{\"@id\":\"https:\\\/\\\/atelierdecosturamartavieira.com\\\/servicios\\\/#primaryimage\"},\"thumbnailUrl\":\"https:\\\/\\\/atelierdecosturamartavieira.com\\\/wp-content\\\/uploads\\\/2023\\\/08\\\/Sin-titulo-1_Mesa-de-trabajo-1.png\",\"datePublished\":\"2023-08-04T08:14:45+00:00\",\"dateModified\":\"2023-08-07T09:19:36+00:00\",\"breadcrumb\":{\"@id\":\"https:\\\/\\\/atelierdecosturamartavieira.com\\\/servicios\\\/#breadcrumb\"},\"inLanguage\":\"eu\",\"potentialAction\":[{\"@type\":\"ReadAction\",\"target\":[\"https:\\\/\\\/atelierdecosturamartavieira.com\\\/servicios\\\/\"]}]},{\"@type\":\"ImageObject\",\"inLanguage\":\"eu\",\"@id\":\"https:\\\/\\\/atelierdecosturamartavieira.com\\\/servicios\\\/#primaryimage\",\"url\":\"https:\\\/\\\/atelierdecosturamartavieira.com\\\/wp-content\\\/uploads\\\/2023\\\/08\\\/Sin-titulo-1_Mesa-de-trabajo-1.png\",\"contentUrl\":\"https:\\\/\\\/atelierdecosturamartavieira.com\\\/wp-content\\\/uploads\\\/2023\\\/08\\\/Sin-titulo-1_Mesa-de-trabajo-1.png\",\"width\":1920,\"height\":925},{\"@type\":\"BreadcrumbList\",\"@id\":\"https:\\\/\\\/atelierdecosturamartavieira.com\\\/servicios\\\/#breadcrumb\",\"itemListElement\":[{\"@type\":\"ListItem\",\"position\":1,\"name\":\"Portada\",\"item\":\"https:\\\/\\\/atelierdecosturamartavieira.com\\\/\"},{\"@type\":\"ListItem\",\"position\":2,\"name\":\"Servicios\"}]},{\"@type\":\"WebSite\",\"@id\":\"https:\\\/\\\/atelierdecosturamartavieira.com\\\/#website\",\"url\":\"https:\\\/\\\/atelierdecosturamartavieira.com\\\/\",\"name\":\"atelierdecosturamartavieira\",\"description\":\"\",\"potentialAction\":[{\"@type\":\"SearchAction\",\"target\":{\"@type\":\"EntryPoint\",\"urlTemplate\":\"https:\\\/\\\/atelierdecosturamartavieira.com\\\/?s={search_term_string}\"},\"query-input\":{\"@type\":\"PropertyValueSpecification\",\"valueRequired\":true,\"valueName\":\"search_term_string\"}}],\"inLanguage\":\"eu\"}]}<\/script>\n<!-- \/ Yoast SEO plugin. -->","yoast_head_json":{"title":"Servicios - atelierdecosturamartavieira","robots":{"index":"index","follow":"follow","max-snippet":"max-snippet:-1","max-image-preview":"max-image-preview:large","max-video-preview":"max-video-preview:-1"},"canonical":"https:\/\/atelierdecosturamartavieira.com\/eu\/servicios\/","og_locale":"en_US","og_type":"article","og_title":"Servicios - atelierdecosturamartavieira","og_description":"Nuestros servicios CONFECCI\u00d3N A MEDIDA En nuestro establecimiento, nos enorgullece nuestra habilidad para proporcionar prendas de alta calidad hechas a medida que son cuidadosamente elaboradas siguiendo tus especificaciones y preferencias exactas. Creemos realmente que una prenda a medida y bien hecha es una inversi\u00f3n que durar\u00e1 muchos a\u00f1os. Nuestro habilidoso equipo de sastres expertos est\u00e1 [&hellip;]","og_url":"https:\/\/atelierdecosturamartavieira.com\/eu\/servicios\/","og_site_name":"atelierdecosturamartavieira","article_modified_time":"2023-08-07T09:19:36+00:00","og_image":[{"width":1920,"height":925,"url":"https:\/\/atelierdecosturamartavieira.com\/wp-content\/uploads\/2023\/08\/Sin-titulo-1_Mesa-de-trabajo-1.png","type":"image\/png"}],"twitter_card":"summary_large_image","twitter_misc":{"Est. reading time":"2 minutua"},"schema":{"@context":"https:\/\/schema.org","@graph":[{"@type":"WebPage","@id":"https:\/\/atelierdecosturamartavieira.com\/servicios\/","url":"https:\/\/atelierdecosturamartavieira.com\/servicios\/","name":"Servicios - atelierdecosturamartavieira","isPartOf":{"@id":"https:\/\/atelierdecosturamartavieira.com\/#website"},"primaryImageOfPage":{"@id":"https:\/\/atelierdecosturamartavieira.com\/servicios\/#primaryimage"},"image":{"@id":"https:\/\/atelierdecosturamartavieira.com\/servicios\/#primaryimage"},"thumbnailUrl":"https:\/\/atelierdecosturamartavieira.com\/wp-content\/uploads\/2023\/08\/Sin-titulo-1_Mesa-de-trabajo-1.png","datePublished":"2023-08-04T08:14:45+00:00","dateModified":"2023-08-07T09:19:36+00:00","breadcrumb":{"@id":"https:\/\/atelierdecosturamartavieira.com\/servicios\/#breadcrumb"},"inLanguage":"eu","potentialAction":[{"@type":"ReadAction","target":["https:\/\/atelierdecosturamartavieira.com\/servicios\/"]}]},{"@type":"ImageObject","inLanguage":"eu","@id":"https:\/\/atelierdecosturamartavieira.com\/servicios\/#primaryimage","url":"https:\/\/atelierdecosturamartavieira.com\/wp-content\/uploads\/2023\/08\/Sin-titulo-1_Mesa-de-trabajo-1.png","contentUrl":"https:\/\/atelierdecosturamartavieira.com\/wp-content\/uploads\/2023\/08\/Sin-titulo-1_Mesa-de-trabajo-1.png","width":1920,"height":925},{"@type":"BreadcrumbList","@id":"https:\/\/atelierdecosturamartavieira.com\/servicios\/#breadcrumb","itemListElement":[{"@type":"ListItem","position":1,"name":"Portada","item":"https:\/\/atelierdecosturamartavieira.com\/"},{"@type":"ListItem","position":2,"name":"Servicios"}]},{"@type":"WebSite","@id":"https:\/\/atelierdecosturamartavieira.com\/#website","url":"https:\/\/atelierdecosturamartavieira.com\/","name":"atelierdecosturamartavieira","description":"","potentialAction":[{"@type":"SearchAction","target":{"@type":"EntryPoint","urlTemplate":"https:\/\/atelierdecosturamartavieira.com\/?s={search_term_string}"},"query-input":{"@type":"PropertyValueSpecification","valueRequired":true,"valueName":"search_term_string"}}],"inLanguage":"eu"}]}},"_links":{"self":[{"href":"https:\/\/atelierdecosturamartavieira.com\/eu\/wp-json\/wp\/v2\/pages\/8","targetHints":{"allow":["GET"]}}],"collection":[{"href":"https:\/\/atelierdecosturamartavieira.com\/eu\/wp-json\/wp\/v2\/pages"}],"about":[{"href":"https:\/\/atelierdecosturamartavieira.com\/eu\/wp-json\/wp\/v2\/types\/page"}],"author":[{"embeddable":true,"href":"https:\/\/atelierdecosturamartavieira.com\/eu\/wp-json\/wp\/v2\/users\/1"}],"replies":[{"embeddable":true,"href":"https:\/\/atelierdecosturamartavieira.com\/eu\/wp-json\/wp\/v2\/comments?post=8"}],"version-history":[{"count":32,"href":"https:\/\/atelierdecosturamartavieira.com\/eu\/wp-json\/wp\/v2\/pages\/8\/revisions"}],"predecessor-version":[{"id":536,"href":"https:\/\/atelierdecosturamartavieira.com\/eu\/wp-json\/wp\/v2\/pages\/8\/revisions\/536"}],"wp:featuredmedia":[{"embeddable":true,"href":"https:\/\/atelierdecosturamartavieira.com\/eu\/wp-json\/wp\/v2\/media\/412"}],"wp:attachment":[{"href":"https:\/\/atelierdecosturamartavieira.com\/eu\/wp-json\/wp\/v2\/media?parent=8"}],"curies":[{"name":"wp","href":"https:\/\/api.w.org\/{rel}","templated":true}]}}